{"id":31030,"date":"2024-07-26T13:27:07","date_gmt":"2024-07-26T11:27:07","guid":{"rendered":"https:\/\/futurefoodfarming.org\/clause-de-non-responsabilite\/"},"modified":"2024-08-21T16:50:32","modified_gmt":"2024-08-21T14:50:32","slug":"clause-de-non-responsabilite","status":"publish","type":"page","link":"https:\/\/futurefoodfarming.org\/fr\/clause-de-non-responsabilite\/","title":{"rendered":"Clause de non-responsabilit\u00e9"},"content":{"rendered":"\t\t<div data-elementor-type=\"wp-page\" data-elementor-id=\"31030\" class=\"elementor elementor-31030 elementor-30986\" data-elementor-post-type=\"page\">\n\t\t\t\t<div class=\"elementor-element elementor-element-0e6db9c e-flex e-con-boxed e-con e-parent\" data-id=\"0e6db9c\" data-element_type=\"container\" data-e-type=\"container\">\n\t\t\t\t\t<div class=\"e-con-inner\">\n\t\t\t\t<div class=\"elementor-element elementor-element-78156d9 elementor-widget elementor-widget-heading\" data-id=\"78156d9\" data-element_type=\"widget\" data-e-type=\"widget\" data-widget_type=\"heading.default\">\n\t\t\t\t<div class=\"elementor-widget-container\">\n\t\t\t\t\t<h2 class=\"elementor-heading-title elementor-size-default\">Clause de non-responsabilit\u00e9<\/h2>\t\t\t\t<\/div>\n\t\t\t\t<\/div>\n\t\t\t\t<div class=\"elementor-element elementor-element-f8e06d5 elementor-widget elementor-widget-text-editor\" data-id=\"f8e06d5\" data-element_type=\"widget\" data-e-type=\"widget\" data-widget_type=\"text-editor.default\">\n\t\t\t\t<div class=\"elementor-widget-container\">\n\t\t\t\t\t\t\t\t\t<p>Le site web www.futurefoodfarming.ch est exploit\u00e9 par :<\/p>\n<p>CONTACT<br \/>Suisse Agro Food Leadinghouse<br \/>Passage du Cardinal 11<br \/>1700 Fribourg<\/p>\n<p>Suisse<\/p>\n<\/p>\n<p>T\u00e9l\u00e9phone : +41 26 429 67 74<br \/>&#x69;&#x6e;&#x6e;&#x6f;&#x76;&#x61;&#x74;&#x69;&#x6f;&#x6e;&#x40;&#x66;&#x75;&#x74;&#x75;&#x72;&#x65;&#x66;&#x6f;&#x6f;&#x64;&#x66;&#x61;&#x72;&#x6d;&#x69;&#x6e;&#x67;&#x2e;&#x6f;&#x72;&#x67;<\/p>\n<p>Inscription au registre du commerce<br \/>Raison sociale : Suisse Agro Food Leadinghouse<br \/>Num\u00e9ro : CHE-411.407.282<br \/>Office du registre du commerce : Fribourg<\/p>\n<p>Num\u00e9ro de TVA :<br \/>CHE-411.407.282 MWST<\/p>\n<p>Direction<br \/>Lucas Grob, co-directeur g\u00e9n\u00e9ral ; Peter Braun, co-directeur g\u00e9n\u00e9ral et Jo\u00ebl Reinhard, co-directeur g\u00e9n\u00e9ral<\/p>\n<p>Conseil d&rsquo;administration<br \/>Fabian Wahl, copr\u00e9sident et Olivier Girardin, copr\u00e9sident ;&nbsp; Michel Burla, membre ; Roger Darioli, membre<\/p>\n<p>Photographie<br \/>Shutterstock, Pexels, IStock, Unsplash, TheNounProject, Fotografie Killick, St\u00e9phan Schmutz, Jasmin Frei<\/p>\n<p>Traduction :<br \/>Deepl et Google Translate<\/p>\n<p>Clause de non-responsabilit\u00e9<br \/>L&rsquo;auteur d\u00e9cline toute responsabilit\u00e9 quant \u00e0 l&rsquo;exactitude, la pr\u00e9cision, l&rsquo;actualit\u00e9, la fiabilit\u00e9 et l&rsquo;exhaustivit\u00e9 des informations fournies.<\/p>\n<p>Les droits \u00e0 la responsabilit\u00e9 contre l&rsquo;auteur pour des dommages mat\u00e9riels ou immat\u00e9riels r\u00e9sultant de l&rsquo;acc\u00e8s, de l&rsquo;utilisation ou de la non-utilisation des informations publi\u00e9es, d&rsquo;une mauvaise utilisation de la connexion ou de d\u00e9faillances techniques sont exclus.<\/p>\n<p>L&rsquo;auteur se r\u00e9serve express\u00e9ment le droit de modifier, de compl\u00e9ter ou de supprimer des parties de pages ou l&rsquo;ensemble de l&rsquo;offre sans pr\u00e9avis ou d&rsquo;en interrompre la publication temporairement ou d\u00e9finitivement.<\/p>\n<p>Responsabilit\u00e9 pour les liens<br \/>Les r\u00e9f\u00e9rences et les liens vers des sites web de tiers ne rel\u00e8vent pas de notre responsabilit\u00e9.<br \/>\nNous d\u00e9clinons toute responsabilit\u00e9 \u00e0 l&rsquo;\u00e9gard de ces sites.<br \/>\nL&rsquo;acc\u00e8s \u00e0 ces sites et leur utilisation se font aux risques et p\u00e9rils de l&rsquo;utilisateur.  <\/p>\n<p>Droits d&rsquo;auteur<br \/>Les droits d&rsquo;auteur et tous les autres droits relatifs au contenu, aux images, aux photos ou aux autres fichiers du site Internet appartiennent exclusivement \u00e0 la Suisse Agro Food Leadinghouse ou aux d\u00e9tenteurs des droits d&rsquo;auteur sp\u00e9cialement d\u00e9sign\u00e9s.<br \/>\nL&rsquo;autorisation \u00e9crite des d\u00e9tenteurs des droits d&rsquo;auteur doit \u00eatre obtenue au pr\u00e9alable pour la reproduction de tout \u00e9l\u00e9ment. <\/p>\n\t\t\t\t\t\t\t\t<\/div>\n\t\t\t\t<\/div>\n\t\t\t\t\t<\/div>\n\t\t\t\t<\/div>\n\t\t\t\t<\/div>\n\t\t","protected":false},"excerpt":{"rendered":"<p>Clause de non-responsabilit\u00e9 Le site web www.futurefoodfarming.ch est exploit\u00e9 par : CONTACTSuisse Agro Food LeadinghousePassage du Cardinal 111700 Fribourg Suisse T\u00e9l\u00e9phone : +41 26 429 67 74&#105;&#x6e;&#110;&#x6f;&#118;&#x61;&#116;&#x69;o&#x6e;&#64;&#x66;u&#x74;u&#114;&#x65;&#102;&#x6f;&#111;&#x64;&#102;&#x61;&#114;&#x6d;i&#x6e;g&#x2e;o&#x72;g Inscription au registre [&hellip;]<\/p>\n","protected":false},"author":2,"featured_media":0,"parent":0,"menu_order":0,"comment_status":"closed","ping_status":"closed","template":"","meta":{"_et_pb_use_builder":"","_et_pb_old_content":"","_et_gb_content_width":"","_themeisle_gutenberg_block_has_review":false,"footnotes":""},"class_list":["post-31030","page","type-page","status-publish","hentry"],"_links":{"self":[{"href":"https:\/\/futurefoodfarming.org\/fr\/wp-json\/wp\/v2\/pages\/31030","targetHints":{"allow":["GET"]}}],"collection":[{"href":"https:\/\/futurefoodfarming.org\/fr\/wp-json\/wp\/v2\/pages"}],"about":[{"href":"https:\/\/futurefoodfarming.org\/fr\/wp-json\/wp\/v2\/types\/page"}],"author":[{"embeddable":true,"href":"https:\/\/futurefoodfarming.org\/fr\/wp-json\/wp\/v2\/users\/2"}],"replies":[{"embeddable":true,"href":"https:\/\/futurefoodfarming.org\/fr\/wp-json\/wp\/v2\/comments?post=31030"}],"version-history":[{"count":9,"href":"https:\/\/futurefoodfarming.org\/fr\/wp-json\/wp\/v2\/pages\/31030\/revisions"}],"predecessor-version":[{"id":31139,"href":"https:\/\/futurefoodfarming.org\/fr\/wp-json\/wp\/v2\/pages\/31030\/revisions\/31139"}],"wp:attachment":[{"href":"https:\/\/futurefoodfarming.org\/fr\/wp-json\/wp\/v2\/media?parent=31030"}],"curies":[{"name":"wp","href":"https:\/\/api.w.org\/{rel}","templated":true}]}}