{"id":31117,"date":"2024-07-26T13:45:38","date_gmt":"2024-07-26T11:45:38","guid":{"rendered":"https:\/\/futurefoodfarming.org\/datenschutzbestimmungen\/"},"modified":"2024-08-23T09:50:48","modified_gmt":"2024-08-23T07:50:48","slug":"datenschutzbestimmungen","status":"publish","type":"page","link":"https:\/\/futurefoodfarming.org\/de\/datenschutzbestimmungen\/","title":{"rendered":"Datenschutzbestimmungen"},"content":{"rendered":"\t\t<div data-elementor-type=\"wp-page\" data-elementor-id=\"31117\" class=\"elementor elementor-31117 elementor-31000\" data-elementor-post-type=\"page\">\n\t\t\t\t<div class=\"elementor-element elementor-element-0e6db9c e-flex e-con-boxed e-con e-parent\" data-id=\"0e6db9c\" data-element_type=\"container\" data-e-type=\"container\">\n\t\t\t\t\t<div class=\"e-con-inner\">\n\t\t\t\t<div class=\"elementor-element elementor-element-78156d9 elementor-widget elementor-widget-heading\" data-id=\"78156d9\" data-element_type=\"widget\" data-e-type=\"widget\" data-widget_type=\"heading.default\">\n\t\t\t\t<div class=\"elementor-widget-container\">\n\t\t\t\t\t<h2 class=\"elementor-heading-title elementor-size-default\">Datenschutzbestimmungen<\/h2>\t\t\t\t<\/div>\n\t\t\t\t<\/div>\n\t\t\t\t<div class=\"elementor-element elementor-element-f8e06d5 elementor-widget elementor-widget-text-editor\" data-id=\"f8e06d5\" data-element_type=\"widget\" data-e-type=\"widget\" data-widget_type=\"text-editor.default\">\n\t\t\t\t<div class=\"elementor-widget-container\">\n\t\t\t\t\t\t\t\t\t<h2 style=\"background-color: #ffffff;\">1. Ziel und  <\/h2>\n<p style=\"background-color: #ffffff;\">Das Suisse Agro Food Leading House tr\u00e4gt die Verantwortung im Sinne der General Data Protection Regulation und anderer nationaler Datenschutzgesetze aller Mitgliedsstaaten sowie anderer datenschutzrechtlicher Bestimmungen:<\/p>\n<p style=\"background-color: #ffffff;\">Suisse Agro Food Leadinghouse  <\/p>\n<p style=\"background-color: #ffffff;\">Passage du Cardinal 11<\/p>\n<p style=\"background-color: #ffffff;\">1700 Fribourg<\/p>\n<p style=\"background-color: #ffffff;\">&#105;&#x6e;&#x6e;o&#118;&#x61;t&#105;&#x6f;n&#64;&#x66;u&#116;&#x75;&#x72;&#101;&#x66;&#x6f;o&#100;&#x66;a&#114;&#x6d;i&#110;&#x67;&#x2e;&#111;&#x72;&#x67;<\/p>\n<p style=\"background-color: #ffffff;\">Die rechtlichen Grundlagen f\u00fcr den Datenschutz finden sich in der Europ\u00e4ischen Datenschutzgrundverordnung (EU-GDPR), dem Bundesdatenschutzgesetz (BDSG-neu) und dem Telemediengesetz (TMG).<\/p>\n<p style=\"background-color: #ffffff;\"><b> <\/b><\/p>\n<h2 style=\"background-color: #ffffff;\">2. Grundlegende Informationen zur Datenverarbeitung<\/h2>\n<p>2.1 Wir erheben, verarbeiten und nutzen die personenbezogenen Daten der Nutzer nur unter Einhaltung der einschl\u00e4gigen Datenschutzbestimmungen.<br \/>\nDas bedeutet, dass Nutzerdaten nur dann verwendet werden, wenn dies gesetzlich vorgeschrieben ist oder wenn eine Einwilligung erteilt wurde.<br \/>\nWir verwenden Benutzerdaten nur in \u00dcbereinstimmung mit den einschl\u00e4gigen Datenschutzbestimmungen.  <\/p>\n<p>2.2 Wir treffen organisatorische, vertragliche und technische Sicherheitsma\u00dfnahmen, um die Einhaltung der datenschutzrechtlichen Bestimmungen zu gew\u00e4hrleisten und die von uns verwalteten Daten gegen zuf\u00e4llige oder vors\u00e4tzliche Manipulationen, Verlust, Zerst\u00f6rung oder den Zugriff unberechtigter Personen zu sch\u00fctzen.<\/p>\n<\/p>\n<h2 style=\"background-color: #ffffff;\">3. Erhebung, Verarbeitung und Nutzung von personenbezogenen Daten<\/h2>\n<p>3.1 Die personenbezogenen Daten der Nutzer werden f\u00fcr die folgenden Zwecke verwendet:<\/p>\n<ul>\n<li>Die Leistung unserer Dienstleistungen, unseres Supports und unserer Benutzerdienste.<\/li>\n<li>Die Gew\u00e4hrleistung eines effektiven Kundendienstes.<br \/>\nWenn Sie mit uns Kontakt aufnehmen, werden Ihre Angaben zwecks Bearbeitung der Anfrage und f\u00fcr den Fall von Anschlussfragen gespeichert. <\/li>\n<li>Versand von Newslettern oder anderem Werbematerial, sofern der Empf\u00e4nger uns eine entsprechende Einwilligung erteilt hat.<\/li>\n<\/ul>\n<p>3.2 Wir geben die Daten an Dritte weiter, wenn dies zur Erbringung von Dienstleistungen oder zu Abrechnungszwecken oder sonst zur Erf\u00fcllung unserer vertraglichen Verpflichtungen gegen\u00fcber Nutzern erforderlich ist.<\/p>\n<\/p>\n<h2 style=\"background-color: #ffffff;\">4. Versenden von Informationen per E-Mail und Newsletter<\/h2>\n<p>4.1 Soweit wir E-Mail-Nachrichten mit Werbeinformationen \u00fcber uns und unsere Dienstleistungen versenden, geschieht dies nur mit ausdr\u00fccklicher Zustimmung des Empf\u00e4ngers.<br \/>\nNutzer k\u00f6nnen dem Erhalt von E-Mail-Nachrichten jederzeit widersprechen.<br \/>\n4.2.  <\/p>\n<p>4.2 Wenn Sie den Newsletter empfangen m\u00f6chten, ben\u00f6tigen wir von Ihnen eine valide Email-Adresse sowie Informationen, die uns die \u00dcberpr\u00fcfung gestatten, dass Sie der Inhaber der angegebenen Email-Adresse sind bzw. deren Inhaber mit dem Empfang des Newsletters einverstanden ist.<br \/>\nWeitere Daten werden nicht erhoben.<br \/>\nDiese Daten werden nur f\u00fcr den Versand des Newsletters verwendet und werden nicht an Dritte weitergegeben.  <\/p>\n<p>4.3 Vor dem Versand des Newsletters erh\u00e4lt der E-Mail-Inhaber eine Best\u00e4tigungs-E-Mail, in der er die Newsletter-Anmeldung best\u00e4tigen muss.<br \/>\nUnbest\u00e4tigte Anmeldungen werden sp\u00e4testens nach vier Wochen automatisch gel\u00f6scht.<br \/>\nWir k\u00f6nnen von der Zusendung einer Best\u00e4tigungs-E-Mail absehen, wenn die E-Mail-Adresse bereits zuvor best\u00e4tigt worden ist.  <\/p>\n<p>4.4 Ihre Einwilligung zur Speicherung der Daten, der Email-Adresse sowie deren Nutzung zum Versand des Newsletters k\u00f6nnen Sie jederzeit widerrufen.<\/p>\n<p>4.5 Im Rahmen der Registrierung speichern wir die Registrierungs- und Best\u00e4tigungszeit des Nutzers sowie seine IP-Adresse.<br \/>\nWir sind gesetzlich verpflichtet, die Registrierungen zu protokollieren, um eine ordnungsgem\u00e4\u00dfe Registrierung nachweisen zu k\u00f6nnen. <\/p>\n<p style=\"font-size: 14px; background-color: #ffffff;\">\n<h2 style=\"background-color: #ffffff;\">5. Erfassung von Zugangsdaten  <\/h2>\n<p>5.1 Wir erheben Daten \u00fcber jeden Zugriff auf den Server, auf dem sich dieses Angebot befindet (sogenannte Serverlogfiles).<br \/>\nZu den Zugriffsdaten geh\u00f6ren der Name der abgerufenen Webseite, die Datei, das Datum und die Uhrzeit des Abrufs, die \u00fcbertragene Datenmenge, die Meldung \u00fcber den erfolgreichen Abruf, der Browsertyp und die Browserversion, das Betriebssystem des Nutzers, die Referrer URL (die zuvor besuchte Seite), die IP-Adresse und der anfragende Provider. <\/p>\n<p>5.2 Wir verwenden die Protokolldaten ohne Zuordnung zur Person des Nutzers oder sonstiger Profilbildung entsprechend den gesetzlichen Vorschriften nur f\u00fcr statistische Auswertungen zum Zweck des Betriebs, der Sicherheit und der Optimierung des Angebotes.<br \/>\nWir behalten uns jedoch vor, die Protokolldaten nachtr\u00e4glich zu \u00fcberpr\u00fcfen, wenn aufgrund konkreter Anhaltspunkte der begr\u00fcndete Verdacht einer rechtswidrigen Nutzung besteht. <\/p>\n<h2> <\/h2>\n<h2 style=\"background-color: #ffffff;\">6. Cookies &amp; Reichweitenmessung<\/h2>\n<p>6.1 Cookies sind Informationen, die von unserem Webserver oder Webservern Dritter an den Webbrowser des Nutzers \u00fcbermittelt und dort zum sp\u00e4teren Abruf gespeichert werden.<br \/>\n\u00dcber den Einsatz von Cookies im Rahmen der pseudonymen Reichweitenmessung werden die Nutzer im Rahmen dieser Datenschutzerkl\u00e4rung informiert. <\/p>\n<p>6.2 Es ist auch m\u00f6glich, unsere Website zu betrachten, ohne Cookies zu akzeptieren.<br \/>\nWenn Nutzer nicht w\u00fcnschen, dass Cookies auf ihrem Computer gespeichert werden, werden sie gebeten, die entsprechende Option in den Systemeinstellungen ihres Browsers zu deaktivieren.<br \/>\nGespeicherte Cookies k\u00f6nnen in den Systemeinstellungen des Browsers gel\u00f6scht werden.<br \/>\nDer Ausschluss von Cookies kann zu Funktionseinschr\u00e4nkungen dieses Angebots f\u00fchren.   <\/p>\n<\/p>\n<h2 style=\"background-color: #ffffff;\">7. Messung der Reichweite: Google Analytics<\/h2>\n<p>7.1 Wir verwenden Google Analytics, einen Webanalysedienst der Google Inc.<br \/>\n&#8222;(&#8222;Google&#8220;).<br \/>\nGoogle verwendet Cookies, Textdateien, die auf dem Computer des Nutzers gespeichert werden und die eine Analyse der Benutzung der Website durch den Nutzer erm\u00f6glichen.<br \/>\nDie durch den Cookie erzeugten Informationen \u00fcber die Benutzung dieser Website durch die Nutzer werden in der Regel an einen Server von Google in den USA \u00fcbertragen und dort gespeichert.   <\/p>\n<p>7.2 Google wird diese Informationen in unserem Auftrag benutzen, um die Nutzung der Website durch die Nutzer auszuwerten, um Reports \u00fcber die Aktivit\u00e4ten innerhalb unseres Onlineangebotes zusammenzustellen und um weitere mit der Websitenutzung und der Internetnutzung verbundene Dienstleistungen uns gegen\u00fcber zu erbringen.<\/p>\n<p>7.3 Wir verwenden Google Analytics nur mit aktivierter IP-Anonymisierung.<br \/>\nDas bedeutet, dass die IP-Adresse des Nutzers von Google innerhalb von Mitgliedstaaten der Europ\u00e4ischen Union oder in anderen Vertragsstaaten des Abkommens \u00fcber den Europ\u00e4ischen Wirtschaftsraum gek\u00fcrzt wird.<br \/>\nNur in Ausnahmef\u00e4llen wird die volle IP-Adresse an einen Server von Google in den USA \u00fcbertragen und dort gek\u00fcrzt.<br \/>\n7.4.   <\/p>\n<p>7.4 Die vom Browser des Nutzers \u00fcbermittelte IP-Adresse wird nicht mit anderen von Google gespeicherten Daten zusammengef\u00fchrt.<br \/>\nDie Nutzer k\u00f6nnen die Verwendung von Cookies ablehnen, indem sie die entsprechenden Einstellungen in ihrem Browser vornehmen. Sie k\u00f6nnen auch die Erfassung von Daten durch Google, die sich auf ihre Nutzung der Website beziehen, ablehnen und die Verarbeitung dieser Daten durch Google verhindern, indem sie das unter folgendem Link verf\u00fcgbare Browser-Plugin herunterladen und installieren: tools.google.com\/dlpage\/gaoptout. <\/p>\n<p>7.5 Als Alternative zum Browser-Add-on oder innerhalb von Browsern auf mobilen Ger\u00e4ten klicken Sie bitte auf diesen Link, um die Erfassung von Daten durch Google Analytics auf dieser Website in Zukunft zu verhindern (das Opt-out funktioniert nur im Browser und nur f\u00fcr diese Domain).<br \/>\nEs wird ein Opt-Out-Cookie auf Ihrem Ger\u00e4t gespeichert.<br \/>\nWenn Sie Ihre Cookies in diesem Browser l\u00f6schen, m\u00fcssen Sie erneut auf diesen Link klicken.  <\/p>\n<h2> <\/h2>\n<h2 style=\"background-color: #ffffff;\">8. Newsletter &#8211; Mailchimp<\/h2>\n<p>Der Versand des Newsletters erfolgt \u00fcber den Versanddienstleister &#8218;MailChimp&#8216;, eine Newsletter-Versandplattform des US-Anbieters Rocket Science Group, LLC, 675 Ponce De Leon Ave NE #5000, Atlanta, GA 30308, USA.<br \/>\nDie Datenschutzbestimmungen des Versanddienstleisters k\u00f6nnen Sie <a href=\"\">hier<\/a> einsehen.<br \/>\nRocket Science Group LLC d\/b\/a MailChimp ist unter dem Privacy-Shield-Abkommen zertifiziert und bietet damit eine Garantie f\u00fcr die Einhaltung des europ\u00e4ischen Datenschutzniveaus (PrivacyShield).<br \/>\nDie Nutzung des Versanddienstleisters erfolgt auf Grundlage unserer berechtigten Interessen gem\u00e4\u00df Art. 6 Abs.<br \/>\n1 lit.<br \/>\nf DSGVO und einer Vereinbarung zur Auftragsverarbeitung gem\u00e4\u00df Art. 28 Abs..<br \/>\n3 S. 1 DSGVO.      <\/p>\n<p>Der Versanddienstleister kann die Daten der Empf\u00e4nger in pseudonymer Form, d.h. ohne Zuordnung zu einem Nutzer, zur Optimierung oder Verbesserung der eigenen Dienste nutzen, z.B. zur technischen Optimierung des Versandes und der Darstellung des Newsletters oder zu statistischen Zwecken.<br \/>\nDer Versanddienstleister nutzt die Daten unserer Newsletter-Empf\u00e4nger jedoch nicht, um sie selbst anzuschreiben oder an Dritte weiterzugeben. <\/p>\n<\/p>\n<h2 style=\"background-color: #ffffff;\">9. Tito Event Plattform<\/h2>\n<p style=\"font-size: 14px; background-color: #ffffff;\">Unsere Veranstaltungen werden mit einem externen Dienstleister namens &#8222;Tito&#8220; abgewickelt.<br \/>\nSie k\u00f6nnen die Datenschutzbestimmungen <a href=\"\">hier<\/a> einsehen.<br \/>\nUm auf die Plattform zuzugreifen, verlassen Sie unsere Website und stimmen den Datenschutzbestimmungen dieses Anbieters zu.  <\/p>\n<\/p>\n<h2 style=\"background-color: #ffffff;\">10. Informationen, Widerruf, \u00c4nderungen, Korrekturen und Aktualisierungen<\/h2>\n<p>10.1 Nutzer haben das Recht, auf Antrag unentgeltlich Auskunft zu erhalten \u00fcber die personenbezogenen Daten, die wir \u00fcber sie gespeichert haben.<br \/>\nDie Kontaktdaten finden Sie im Impressum.<br \/>\n8.2.  <\/p>\n<p>10.2 Dar\u00fcber hinaus haben die Nutzer das Recht auf Berichtigung unrichtiger Daten, Widerruf der Einwilligung, Sperrung und L\u00f6schung ihrer personenbezogenen Daten, soweit dem keine gesetzliche Aufbewahrungspflicht entgegensteht.<\/p>\n<\/p>\n<h2 style=\"background-color: #ffffff;\">11. \u00c4nderungen der Datensicherheitserkl\u00e4rung<\/h2>\n<p>11.1 Wir behalten uns das Recht vor, die Datenschutzerkl\u00e4rung zu \u00e4ndern, um sie an ge\u00e4nderte Rechtslagen anzupassen oder im Falle von \u00c4nderungen des Dienstes oder der Datenverarbeitung.<\/p>\n<p>11.2 Die Benutzer werden daher gebeten, sich regelm\u00e4\u00dfig \u00fcber den Inhalt zu informieren.<\/p>\n\t\t\t\t\t\t\t\t<\/div>\n\t\t\t\t<\/div>\n\t\t\t\t\t<\/div>\n\t\t\t\t<\/div>\n\t\t\t\t<\/div>\n\t\t","protected":false},"excerpt":{"rendered":"<p>Datenschutzbestimmungen 1. Ziel und Das Suisse Agro Food Leading House tr\u00e4gt die Verantwortung im Sinne der General Data Protection Regulation und anderer nationaler Datenschutzgesetze aller Mitgliedsstaaten sowie anderer datenschutzrechtlicher Bestimmungen: [&hellip;]<\/p>\n","protected":false},"author":2,"featured_media":0,"parent":0,"menu_order":0,"comment_status":"closed","ping_status":"closed","template":"","meta":{"_et_pb_use_builder":"","_et_pb_old_content":"","_et_gb_content_width":"","_themeisle_gutenberg_block_has_review":false,"footnotes":""},"class_list":["post-31117","page","type-page","status-publish","hentry"],"_links":{"self":[{"href":"https:\/\/futurefoodfarming.org\/de\/wp-json\/wp\/v2\/pages\/31117","targetHints":{"allow":["GET"]}}],"collection":[{"href":"https:\/\/futurefoodfarming.org\/de\/wp-json\/wp\/v2\/pages"}],"about":[{"href":"https:\/\/futurefoodfarming.org\/de\/wp-json\/wp\/v2\/types\/page"}],"author":[{"embeddable":true,"href":"https:\/\/futurefoodfarming.org\/de\/wp-json\/wp\/v2\/users\/2"}],"replies":[{"embeddable":true,"href":"https:\/\/futurefoodfarming.org\/de\/wp-json\/wp\/v2\/comments?post=31117"}],"version-history":[{"count":3,"href":"https:\/\/futurefoodfarming.org\/de\/wp-json\/wp\/v2\/pages\/31117\/revisions"}],"predecessor-version":[{"id":31182,"href":"https:\/\/futurefoodfarming.org\/de\/wp-json\/wp\/v2\/pages\/31117\/revisions\/31182"}],"wp:attachment":[{"href":"https:\/\/futurefoodfarming.org\/de\/wp-json\/wp\/v2\/media?parent=31117"}],"curies":[{"name":"wp","href":"https:\/\/api.w.org\/{rel}","templated":true}]}}