{"id":31033,"date":"2024-07-26T13:27:07","date_gmt":"2024-07-26T11:27:07","guid":{"rendered":"https:\/\/futurefoodfarming.org\/haftungsausschluss\/"},"modified":"2024-08-13T16:05:06","modified_gmt":"2024-08-13T14:05:06","slug":"haftungsausschluss","status":"publish","type":"page","link":"https:\/\/futurefoodfarming.org\/de\/haftungsausschluss\/","title":{"rendered":"Haftungsausschluss"},"content":{"rendered":"\t\t<div data-elementor-type=\"wp-page\" data-elementor-id=\"31033\" class=\"elementor elementor-31033 elementor-30986\" data-elementor-post-type=\"page\">\n\t\t\t\t<div class=\"elementor-element elementor-element-0e6db9c e-flex e-con-boxed e-con e-parent\" data-id=\"0e6db9c\" data-element_type=\"container\" data-e-type=\"container\">\n\t\t\t\t\t<div class=\"e-con-inner\">\n\t\t\t\t<div class=\"elementor-element elementor-element-78156d9 elementor-widget elementor-widget-heading\" data-id=\"78156d9\" data-element_type=\"widget\" data-e-type=\"widget\" data-widget_type=\"heading.default\">\n\t\t\t\t<div class=\"elementor-widget-container\">\n\t\t\t\t\t<h2 class=\"elementor-heading-title elementor-size-default\">Haftungsausschluss<\/h2>\t\t\t\t<\/div>\n\t\t\t\t<\/div>\n\t\t\t\t<div class=\"elementor-element elementor-element-f8e06d5 elementor-widget elementor-widget-text-editor\" data-id=\"f8e06d5\" data-element_type=\"widget\" data-e-type=\"widget\" data-widget_type=\"text-editor.default\">\n\t\t\t\t<div class=\"elementor-widget-container\">\n\t\t\t\t\t\t\t\t\t<p>Die Website www.futurefoodfarming.ch wird betrieben von:<\/p><p>KONTAKTINFORMATIONEN<br \/>Suisse Agro Food Leadinghouse<br \/>Passage du Cardinal 11<br \/>1700 Fribourg<\/p><p>Schweiz<\/p><p>Telefon: +41 79 511 81 28<br \/>inn&#111;&#118;&#97;&#x74;&#x69;&#x6f;&#x6e;&#x40;&#x66;utu&#114;&#101;&#102;&#111;&#x6f;&#x64;&#x66;&#x61;&#x72;&#x6d;ing&#46;&#111;&#114;&#x67;<\/p><p>Handelsregistereintrag<br \/>Eingetragener Firmenname: Suisse Agro Food Leadinghouse<br \/>Nummer: CHE-411.407.282<br \/>Handelsregisteramt: Fribourg<\/p><p>Umsatzsteuer-Identifikationsnummer:<br \/>CHE-411.407.282 MWST<\/p><p>Management<br \/>Lucas Grob, Co-Gesch\u00e4ftsf\u00fchrer; Peter Braun, Co-Gesch\u00e4ftsf\u00fchrer und Jo\u00ebl Reinhard, Co-Gesch\u00e4ftsf\u00fchrer<\/p><p>Vorstand<br \/>Fabian Wahl, Co-Pr\u00e4sident und Olivier Girardin, Co-Pr\u00e4sident;\u00a0 Michel Burla, Mitglied; Roger Darioli, Mitglied<\/p><p>Fotografie<br \/>Shutterstock, Pexels, IStock, Unsplash, TheNounProject, Fotografie Killick, St\u00e9phan Schmutz, Jasmin Frei<\/p><p>\u00dcbersetzung:<br \/>Deepl und Google Translate<\/p><p>Haftungsausschluss<br \/>Der Autor \u00fcbernimmt keinerlei Gew\u00e4hr f\u00fcr die Richtigkeit, Genauigkeit, Aktualit\u00e4t, Zuverl\u00e4ssigkeit und Vollst\u00e4ndigkeit der bereitgestellten Informationen.<\/p><p>Haftungsanspr\u00fcche gegen den Autor wegen Sch\u00e4den materieller oder immaterieller Art, welche aus dem Zugriff oder der Nutzung bzw. Nichtnutzung der ver\u00f6ffentlichten Informationen, durch Missbrauch der Verbindung oder durch technische St\u00f6rungen entstanden sind, werden ausgeschlossen.<\/p><p>Der Autor beh\u00e4lt es sich ausdr\u00fccklich vor, Teile der Seiten oder das gesamte Angebot ohne gesonderte Ank\u00fcndigung zu ver\u00e4ndern, zu erg\u00e4nzen, zu l\u00f6schen oder die Ver\u00f6ffentlichung zeitweise oder endg\u00fcltig einzustellen.<\/p><p>Haftung f\u00fcr Links<br \/>Verweise und Links zu Websites Dritter liegen au\u00dferhalb unseres Verantwortungsbereichs. Jegliche Verantwortung f\u00fcr solche Websites wird abgelehnt. Der Zugang zu und die Nutzung von solchen Websites erfolgt auf eigenes Risiko des Nutzers.<\/p><p>Urheberrechte<br \/>Das Urheberrecht und alle anderen Rechte an den Inhalten, Bildern, Fotos oder anderen Dateien auf der Website geh\u00f6ren ausschliesslich dem Suisse Agro Food Leadinghouse oder den speziell genannten Urheberrechtsinhabern. F\u00fcr die Reproduktion jeglicher Elemente muss im Voraus die schriftliche Zustimmung der Urheberrechtsinhaber eingeholt werden.<\/p>\t\t\t\t\t\t\t\t<\/div>\n\t\t\t\t<\/div>\n\t\t\t\t\t<\/div>\n\t\t\t\t<\/div>\n\t\t\t\t<\/div>\n\t\t","protected":false},"excerpt":{"rendered":"<p>Haftungsausschluss Die Website www.futurefoodfarming.ch wird betrieben von: KONTAKTINFORMATIONENSuisse Agro Food LeadinghousePassage du Cardinal 111700 Fribourg Schweiz Telefon: +41 79 511 81 28&#x69;n&#x6e;&#111;&#x76;&#97;t&#x69;&#111;&#x6e;&#64;f&#x75;&#116;&#x75;&#114;e&#x66;o&#x6f;&#100;&#x66;&#x61;r&#x6d;&#105;&#x6e;&#103;&#46;&#x6f;&#114;&#x67; HandelsregistereintragEingetragener Firmenname: Suisse Agro Food LeadinghouseNummer: CHE-411.407.282Handelsregisteramt: Fribourg [&hellip;]<\/p>\n","protected":false},"author":2,"featured_media":0,"parent":0,"menu_order":0,"comment_status":"closed","ping_status":"closed","template":"","meta":{"_et_pb_use_builder":"","_et_pb_old_content":"","_et_gb_content_width":"","_themeisle_gutenberg_block_has_review":false,"footnotes":""},"class_list":["post-31033","page","type-page","status-publish","hentry"],"_links":{"self":[{"href":"https:\/\/futurefoodfarming.org\/de\/wp-json\/wp\/v2\/pages\/31033","targetHints":{"allow":["GET"]}}],"collection":[{"href":"https:\/\/futurefoodfarming.org\/de\/wp-json\/wp\/v2\/pages"}],"about":[{"href":"https:\/\/futurefoodfarming.org\/de\/wp-json\/wp\/v2\/types\/page"}],"author":[{"embeddable":true,"href":"https:\/\/futurefoodfarming.org\/de\/wp-json\/wp\/v2\/users\/2"}],"replies":[{"embeddable":true,"href":"https:\/\/futurefoodfarming.org\/de\/wp-json\/wp\/v2\/comments?post=31033"}],"version-history":[{"count":5,"href":"https:\/\/futurefoodfarming.org\/de\/wp-json\/wp\/v2\/pages\/31033\/revisions"}],"predecessor-version":[{"id":31047,"href":"https:\/\/futurefoodfarming.org\/de\/wp-json\/wp\/v2\/pages\/31033\/revisions\/31047"}],"wp:attachment":[{"href":"https:\/\/futurefoodfarming.org\/de\/wp-json\/wp\/v2\/media?parent=31033"}],"curies":[{"name":"wp","href":"https:\/\/api.w.org\/{rel}","templated":true}]}}